{"id":2547,"date":"2013-05-25T22:53:15","date_gmt":"2013-05-25T22:53:15","guid":{"rendered":"http:\/\/placeboworld.pl\/?page_id=2547"},"modified":"2016-03-15T20:33:10","modified_gmt":"2016-03-15T20:33:10","slug":"ciasteczka","status":"publish","type":"page","link":"https:\/\/placeboworld.pl\/?page_id=2547","title":{"rendered":"CIASTECZKA"},"content":{"rendered":"<p>Poni\u017csza Polityka dotyczy plik\u00f3w &#8222;cookie? i odnosi si\u0119 do stron internetowych na domenie PLACEBOWORLD.PL<\/p>\n<p>1. Cookies (ciasteczka) to pliki tekstowe, kt\u00f3re s\u0105 zapisywane na dysku urz\u0105dzenia ko\u0144cowego u\u017cytkownika, u\u017cywane przez serwer do rozpoznania urz\u0105dzenia u\u017cytkownika przy ponownym po\u0142\u0105czeniu. Cookies s\u0105 pobierane przy ka\u017cdym ?wej\u015bciu? i ?wyj\u015bciu? z serwisu. Cookies nie s\u0142u\u017c\u0105 do ustalania to\u017csamo\u015bci u\u017cytkownik\u00f3w a jedynie ich urz\u0105dze\u0144.<\/p>\n<p>2. Polska strona fan\u00f3w Placebo &#8211; placeboworld.pl u\u017cywa ciasteczek do rozpoznawania i zapami\u0119tania informacji o u\u017cytkownikach. Pozwala to bardziej precyzyjnie rozpoznawa\u0107 indywidualne potrzeby u\u017cytkownika i dzi\u0119ki temu oferowa\u0107 mu us\u0142ugi lepsze i bardziej dostosowane do jego wymaga\u0144.<\/p>\n<p>3. Ka\u017cdy u\u017cytkownik mo\u017ce nie wyrazi\u0107 zgody na umieszczanie plik\u00f3w typu cookies na jego urz\u0105dzeniu ko\u0144cowym. W tym celu nale\u017cy skorzysta\u0107 z opcji wy\u0142\u0105czenia pobierania i przechowywania plik\u00f3w typu cookies w przegl\u0105darce internetowej.<\/p>\n<p>5. Usuni\u0119cie plik\u00f3w cookies mo\u017ce doprowadzi\u0107 do utraty mo\u017cliwo\u015bci korzystania z niekt\u00f3rych funkcjonalno\u015bci serwisu placeboworld.pl<\/p>\n","protected":false},"excerpt":{"rendered":"<p>Poni\u017csza Polityka dotyczy plik\u00f3w &#8222;cookie? i odnosi si\u0119 do stron internetowych na domenie PLACEBOWORLD.PL 1. Cookies (ciasteczka) to pliki tekstowe, kt\u00f3re s\u0105 zapisywane na dysku urz\u0105dzenia ko\u0144cowego u\u017cytkownika, u\u017cywane przez serwer do rozpoznania urz\u0105dzenia u\u017cytkownika przy ponownym po\u0142\u0105czeniu. Cookies s\u0105 pobierane przy ka\u017cdym ?wej\u015bciu? i ?wyj\u015bciu? z serwisu. Cookies nie s\u0142u\u017c\u0105 do ustalania to\u017csamo\u015bci u\u017cytkownik\u00f3w&#8230; <\/p>\n<div class=\"read-more navbutton\"><a href=\"https:\/\/placeboworld.pl\/?page_id=2547\">Read More<i class=\"fa fa-angle-double-right\"><\/i><\/a><\/div>\n","protected":false},"author":1,"featured_media":0,"parent":13,"menu_order":0,"comment_status":"open","ping_status":"closed","template":"","meta":{"footnotes":""},"class_list":["post-2547","page","type-page","status-publish","hentry"],"_links":{"self":[{"href":"https:\/\/placeboworld.pl\/index.php?rest_route=\/wp\/v2\/pages\/2547","targetHints":{"allow":["GET"]}}],"collection":[{"href":"https:\/\/placeboworld.pl\/index.php?rest_route=\/wp\/v2\/pages"}],"about":[{"href":"https:\/\/placeboworld.pl\/index.php?rest_route=\/wp\/v2\/types\/page"}],"author":[{"embeddable":true,"href":"https:\/\/placeboworld.pl\/index.php?rest_route=\/wp\/v2\/users\/1"}],"replies":[{"embeddable":true,"href":"https:\/\/placeboworld.pl\/index.php?rest_route=%2Fwp%2Fv2%2Fcomments&post=2547"}],"version-history":[{"count":2,"href":"https:\/\/placeboworld.pl\/index.php?rest_route=\/wp\/v2\/pages\/2547\/revisions"}],"predecessor-version":[{"id":4494,"href":"https:\/\/placeboworld.pl\/index.php?rest_route=\/wp\/v2\/pages\/2547\/revisions\/4494"}],"up":[{"embeddable":true,"href":"https:\/\/placeboworld.pl\/index.php?rest_route=\/wp\/v2\/pages\/13"}],"wp:attachment":[{"href":"https:\/\/placeboworld.pl\/index.php?rest_route=%2Fwp%2Fv2%2Fmedia&parent=2547"}],"curies":[{"name":"wp","href":"https:\/\/api.w.org\/{rel}","templated":true}]}}